{"id":807,"date":"2022-02-09T16:44:29","date_gmt":"2022-02-09T16:44:29","guid":{"rendered":"https:\/\/www.sphere-coaching.com\/entre\/?page_id=807"},"modified":"2022-11-30T20:05:45","modified_gmt":"2022-11-30T20:05:45","slug":"coaching-2","status":"publish","type":"page","link":"https:\/\/www.sphere-coaching.com\/entre\/home\/coaching-2\/","title":{"rendered":"Coaching"},"content":{"rendered":"\t\t<div data-elementor-type=\"wp-page\" data-elementor-id=\"807\" class=\"elementor elementor-807\">\n\t\t\t\t\t\t\t\t\t<section class=\"elementor-section elementor-top-section elementor-element elementor-element-5a559ab elementor-section-boxed elementor-section-height-default elementor-section-height-default\" data-id=\"5a559ab\" data-element_type=\"section\">\n\t\t\t\t\t\t<div class=\"elementor-container elementor-column-gap-default\">\n\t\t\t\t\t<div class=\"elementor-column elementor-col-33 elementor-top-column elementor-element elementor-element-71a53ef\" data-id=\"71a53ef\" data-element_type=\"column\">\n\t\t\t<div class=\"elementor-widget-wrap elementor-element-populated\">\n\t\t\t\t\t\t\t\t<div class=\"elementor-element elementor-element-8c85d4b elementor-widget elementor-widget-image\" data-id=\"8c85d4b\" data-element_type=\"widget\" data-widget_type=\"image.default\">\n\t\t\t\t<div class=\"elementor-widget-container\">\n\t\t\t<style>\/*! elementor - v3.11.0 - 13-02-2023 *\/\n.elementor-widget-image{text-align:center}.elementor-widget-image a{display:inline-block}.elementor-widget-image a img[src$=\".svg\"]{width:48px}.elementor-widget-image img{vertical-align:middle;display:inline-block}<\/style>\t\t\t\t\t\t\t\t\t\t\t\t<img loading=\"lazy\" decoding=\"async\" width=\"1024\" height=\"737\" src=\"https:\/\/www.sphere-coaching.com\/entre\/wp-content\/uploads\/2022\/02\/pendule-1024x737.png\" class=\"attachment-large size-large wp-image-833\" alt=\"\" srcset=\"https:\/\/www.sphere-coaching.com\/entre\/wp-content\/uploads\/2022\/02\/pendule-1024x737.png 1024w, https:\/\/www.sphere-coaching.com\/entre\/wp-content\/uploads\/2022\/02\/pendule-300x216.png 300w, https:\/\/www.sphere-coaching.com\/entre\/wp-content\/uploads\/2022\/02\/pendule-768x553.png 768w, https:\/\/www.sphere-coaching.com\/entre\/wp-content\/uploads\/2022\/02\/pendule.png 1280w\" sizes=\"auto, (max-width: 1024px) 100vw, 1024px\" \/>\t\t\t\t\t\t\t\t\t\t\t\t\t\t\t<\/div>\n\t\t\t\t<\/div>\n\t\t\t\t\t<\/div>\n\t\t<\/div>\n\t\t\t\t<div class=\"elementor-column elementor-col-66 elementor-top-column elementor-element elementor-element-a6fc625\" data-id=\"a6fc625\" data-element_type=\"column\">\n\t\t\t<div class=\"elementor-widget-wrap elementor-element-populated\">\n\t\t\t\t\t\t\t\t<div class=\"elementor-element elementor-element-92dcac2 elementor-widget elementor-widget-text-editor\" data-id=\"92dcac2\" data-element_type=\"widget\" data-widget_type=\"text-editor.default\">\n\t\t\t\t<div class=\"elementor-widget-container\">\n\t\t\t<style>\/*! elementor - v3.11.0 - 13-02-2023 *\/\n.elementor-widget-text-editor.elementor-drop-cap-view-stacked .elementor-drop-cap{background-color:#818a91;color:#fff}.elementor-widget-text-editor.elementor-drop-cap-view-framed .elementor-drop-cap{color:#818a91;border:3px solid;background-color:transparent}.elementor-widget-text-editor:not(.elementor-drop-cap-view-default) .elementor-drop-cap{margin-top:8px}.elementor-widget-text-editor:not(.elementor-drop-cap-view-default) .elementor-drop-cap-letter{width:1em;height:1em}.elementor-widget-text-editor .elementor-drop-cap{float:left;text-align:center;line-height:1;font-size:50px}.elementor-widget-text-editor .elementor-drop-cap-letter{display:inline-block}<\/style>\t\t\t\t<p><span style=\"color: #333333; font-family: helvetica, arial, sans-serif; font-size: 16px;\">QU\u2019EST-CE QUE\u00a0 LE COACHING?<\/span><br \/><span style=\"font-family: helvetica, arial, sans-serif; font-size: 16px;\"><span style=\"color: #333333;\">Le coaching est un processus d\u2019accompagnement qui am\u00e8ne\u00a0 une personne <\/span><span style=\"color: #333333;\">ou une entreprise \u00e0 atteindre son but et \u00e0 se r\u00e9aliser pleinement.<\/span><\/span><\/p>\t\t\t\t\t\t<\/div>\n\t\t\t\t<\/div>\n\t\t\t\t\t<\/div>\n\t\t<\/div>\n\t\t\t\t\t\t\t<\/div>\n\t\t<\/section>\n\t\t\t\t<section class=\"elementor-section elementor-top-section elementor-element elementor-element-7aa9bc6 elementor-section-boxed elementor-section-height-default elementor-section-height-default\" data-id=\"7aa9bc6\" data-element_type=\"section\">\n\t\t\t\t\t\t<div class=\"elementor-container elementor-column-gap-default\">\n\t\t\t\t\t<div class=\"elementor-column elementor-col-66 elementor-top-column elementor-element elementor-element-23c3b4a\" data-id=\"23c3b4a\" data-element_type=\"column\">\n\t\t\t<div class=\"elementor-widget-wrap elementor-element-populated\">\n\t\t\t\t\t\t\t\t<div class=\"elementor-element elementor-element-f918e1a elementor-widget elementor-widget-text-editor\" data-id=\"f918e1a\" data-element_type=\"widget\" data-widget_type=\"text-editor.default\">\n\t\t\t\t<div class=\"elementor-widget-container\">\n\t\t\t\t\t\t\t<p><span style=\"color: #333333; font-family: helvetica, arial, sans-serif; font-size: 16px;\">QUE PERMET LE COAGHING ?<\/span><\/p><p><span style=\"color: #333333; font-family: helvetica, arial, sans-serif; font-size: 16px;\"><img loading=\"lazy\" decoding=\"async\" class=\"alignnone wp-image-812 size-medium\" src=\"https:\/\/www.sphere-coaching.com\/entre\/wp-content\/uploads\/2022\/02\/qUE-PERMET-LE-COACHING-2-300x113.jpg\" alt=\"\" width=\"300\" height=\"113\" srcset=\"https:\/\/www.sphere-coaching.com\/entre\/wp-content\/uploads\/2022\/02\/qUE-PERMET-LE-COACHING-2-300x113.jpg 300w, https:\/\/www.sphere-coaching.com\/entre\/wp-content\/uploads\/2022\/02\/qUE-PERMET-LE-COACHING-2.jpg 459w\" sizes=\"auto, (max-width: 300px) 100vw, 300px\" \/><\/span><\/p><p><span style=\"color: #333333; font-family: helvetica, arial, sans-serif; font-size: 16px;\">Je vous propose diff\u00e9rents plans d\u2019actions et m\u00e9thodes\u00a0 afin de vous aider aider \u00e0 d\u00e9velopper les comp\u00e9tences n\u00e9cessaires \u00e0 l\u2019atteinte de vos buts.<\/span><\/p>\t\t\t\t\t\t<\/div>\n\t\t\t\t<\/div>\n\t\t\t\t\t<\/div>\n\t\t<\/div>\n\t\t\t\t<div class=\"elementor-column elementor-col-33 elementor-top-column elementor-element elementor-element-a719c30\" data-id=\"a719c30\" data-element_type=\"column\">\n\t\t\t<div class=\"elementor-widget-wrap elementor-element-populated\">\n\t\t\t\t\t\t\t\t<div class=\"elementor-element elementor-element-4120617 elementor-widget elementor-widget-spacer\" data-id=\"4120617\" data-element_type=\"widget\" data-widget_type=\"spacer.default\">\n\t\t\t\t<div class=\"elementor-widget-container\">\n\t\t\t<style>\/*! elementor - v3.11.0 - 13-02-2023 *\/\n.elementor-column .elementor-spacer-inner{height:var(--spacer-size)}.e-con{--container-widget-width:100%}.e-con-inner>.elementor-widget-spacer,.e-con>.elementor-widget-spacer{width:var(--container-widget-width,var(--spacer-size));--align-self:var(--container-widget-align-self,initial);--flex-shrink:0}.e-con-inner>.elementor-widget-spacer>.elementor-widget-container,.e-con-inner>.elementor-widget-spacer>.elementor-widget-container>.elementor-spacer,.e-con>.elementor-widget-spacer>.elementor-widget-container,.e-con>.elementor-widget-spacer>.elementor-widget-container>.elementor-spacer{height:100%}.e-con-inner>.elementor-widget-spacer>.elementor-widget-container>.elementor-spacer>.elementor-spacer-inner,.e-con>.elementor-widget-spacer>.elementor-widget-container>.elementor-spacer>.elementor-spacer-inner{height:var(--container-widget-height,var(--spacer-size))}<\/style>\t\t<div class=\"elementor-spacer\">\n\t\t\t<div class=\"elementor-spacer-inner\"><\/div>\n\t\t<\/div>\n\t\t\t\t<\/div>\n\t\t\t\t<\/div>\n\t\t\t\t<div class=\"elementor-element elementor-element-49acbc6 elementor-widget elementor-widget-image\" data-id=\"49acbc6\" data-element_type=\"widget\" data-widget_type=\"image.default\">\n\t\t\t\t<div class=\"elementor-widget-container\">\n\t\t\t\t\t\t\t\t\t\t\t\t\t\t\t<img loading=\"lazy\" decoding=\"async\" width=\"1024\" height=\"614\" src=\"https:\/\/www.sphere-coaching.com\/entre\/wp-content\/uploads\/2022\/02\/objectif2-1024x614.jpg\" class=\"attachment-large size-large wp-image-794\" alt=\"\" srcset=\"https:\/\/www.sphere-coaching.com\/entre\/wp-content\/uploads\/2022\/02\/objectif2-1024x614.jpg 1024w, https:\/\/www.sphere-coaching.com\/entre\/wp-content\/uploads\/2022\/02\/objectif2-300x180.jpg 300w, https:\/\/www.sphere-coaching.com\/entre\/wp-content\/uploads\/2022\/02\/objectif2-768x461.jpg 768w, https:\/\/www.sphere-coaching.com\/entre\/wp-content\/uploads\/2022\/02\/objectif2.jpg 1280w\" sizes=\"auto, (max-width: 1024px) 100vw, 1024px\" \/>\t\t\t\t\t\t\t\t\t\t\t\t\t\t\t<\/div>\n\t\t\t\t<\/div>\n\t\t\t\t\t<\/div>\n\t\t<\/div>\n\t\t\t\t\t\t\t<\/div>\n\t\t<\/section>\n\t\t\t\t<section class=\"elementor-section elementor-top-section elementor-element elementor-element-85747e4 elementor-section-boxed elementor-section-height-default elementor-section-height-default\" data-id=\"85747e4\" data-element_type=\"section\">\n\t\t\t\t\t\t<div class=\"elementor-container elementor-column-gap-default\">\n\t\t\t\t\t<div class=\"elementor-column elementor-col-33 elementor-top-column elementor-element elementor-element-1de7025\" data-id=\"1de7025\" data-element_type=\"column\">\n\t\t\t<div class=\"elementor-widget-wrap elementor-element-populated\">\n\t\t\t\t\t\t\t\t<div class=\"elementor-element elementor-element-6a6fc12 elementor-widget elementor-widget-spacer\" data-id=\"6a6fc12\" data-element_type=\"widget\" data-widget_type=\"spacer.default\">\n\t\t\t\t<div class=\"elementor-widget-container\">\n\t\t\t\t\t<div class=\"elementor-spacer\">\n\t\t\t<div class=\"elementor-spacer-inner\"><\/div>\n\t\t<\/div>\n\t\t\t\t<\/div>\n\t\t\t\t<\/div>\n\t\t\t\t<div class=\"elementor-element elementor-element-fe49281 elementor-widget elementor-widget-image\" data-id=\"fe49281\" data-element_type=\"widget\" data-widget_type=\"image.default\">\n\t\t\t\t<div class=\"elementor-widget-container\">\n\t\t\t\t\t\t\t\t\t\t\t\t<figure class=\"wp-caption\">\n\t\t\t\t\t\t\t\t\t\t<img loading=\"lazy\" decoding=\"async\" width=\"1024\" height=\"683\" src=\"https:\/\/www.sphere-coaching.com\/entre\/wp-content\/uploads\/2022\/03\/image-of-hesitant-unshaven-european-man-with-thick-beard-holds-chin-purses-lips-with-clueless-expressions-1024x683.jpg\" class=\"attachment-large size-large wp-image-1554\" alt=\"\" srcset=\"https:\/\/www.sphere-coaching.com\/entre\/wp-content\/uploads\/2022\/03\/image-of-hesitant-unshaven-european-man-with-thick-beard-holds-chin-purses-lips-with-clueless-expressions-1024x683.jpg 1024w, https:\/\/www.sphere-coaching.com\/entre\/wp-content\/uploads\/2022\/03\/image-of-hesitant-unshaven-european-man-with-thick-beard-holds-chin-purses-lips-with-clueless-expressions-300x200.jpg 300w, https:\/\/www.sphere-coaching.com\/entre\/wp-content\/uploads\/2022\/03\/image-of-hesitant-unshaven-european-man-with-thick-beard-holds-chin-purses-lips-with-clueless-expressions-768x512.jpg 768w, https:\/\/www.sphere-coaching.com\/entre\/wp-content\/uploads\/2022\/03\/image-of-hesitant-unshaven-european-man-with-thick-beard-holds-chin-purses-lips-with-clueless-expressions-1536x1024.jpg 1536w, https:\/\/www.sphere-coaching.com\/entre\/wp-content\/uploads\/2022\/03\/image-of-hesitant-unshaven-european-man-with-thick-beard-holds-chin-purses-lips-with-clueless-expressions-2048x1365.jpg 2048w\" sizes=\"auto, (max-width: 1024px) 100vw, 1024px\" \/>\t\t\t\t\t\t\t\t\t\t\t<figcaption class=\"widget-image-caption wp-caption-text\">Pour avoir ce que tu n\u2019as jamais eu, il suffit d\u2019oser faire ce que tu n\u2019as jamais fait.<\/figcaption>\n\t\t\t\t\t\t\t\t\t\t<\/figure>\n\t\t\t\t\t\t\t\t\t<\/div>\n\t\t\t\t<\/div>\n\t\t\t\t\t<\/div>\n\t\t<\/div>\n\t\t\t\t<div class=\"elementor-column elementor-col-66 elementor-top-column elementor-element elementor-element-202da3e\" data-id=\"202da3e\" data-element_type=\"column\">\n\t\t\t<div class=\"elementor-widget-wrap elementor-element-populated\">\n\t\t\t\t\t\t\t\t<div class=\"elementor-element elementor-element-be6545d elementor-widget elementor-widget-text-editor\" data-id=\"be6545d\" data-element_type=\"widget\" data-widget_type=\"text-editor.default\">\n\t\t\t\t<div class=\"elementor-widget-container\">\n\t\t\t\t\t\t\t<p><span style=\"color: #333333; font-family: helvetica, arial, sans-serif; font-size: 16px;\">EST-CE POUR VOUS?<\/span><\/p><p><span style=\"font-family: helvetica, arial, sans-serif; font-size: 16px;\"><span style=\"color: #333333;\">Puissant acc\u00e9l\u00e9rateur du changement, l\u2019assistance <\/span><span style=\"color: #333333;\">professionnelle est particuli\u00e8rement efficace :<\/span><\/span><br \/><span style=\"color: #333333; font-family: helvetica, arial, sans-serif; font-size: 16px;\">\u2022 pour am\u00e9liorer votre communication;<\/span><br \/><span style=\"color: #333333; font-family: helvetica, arial, sans-serif; font-size: 16px;\">\u2022 atteindre vos objectifs;<\/span><br \/><span style=\"color: #333333; font-family: helvetica, arial, sans-serif; font-size: 16px;\">\u2022 cerner vos attentes et vos besoins;<\/span><br \/><span style=\"color: #333333; font-family: helvetica, arial, sans-serif; font-size: 16px;\">\u2022 clarifier vos pens\u00e9es;<\/span><br \/><span style=\"color: #333333; font-family: helvetica, arial, sans-serif; font-size: 16px;\">\u2022 faciliter une transition;<\/span><br \/><span style=\"color: #333333; font-family: helvetica, arial, sans-serif; font-size: 16px;\">\u2022 recentrer vos actions sur vos priorit\u00e9s;<\/span><br \/><span style=\"color: #333333; font-family: helvetica, arial, sans-serif; font-size: 16px;\">\u2022 transformer votre vision en gestes concrets, etc.<\/span><\/p>\t\t\t\t\t\t<\/div>\n\t\t\t\t<\/div>\n\t\t\t\t\t<\/div>\n\t\t<\/div>\n\t\t\t\t\t\t\t<\/div>\n\t\t<\/section>\n\t\t\t\t<section class=\"elementor-section elementor-top-section elementor-element elementor-element-faa33b0 elementor-section-boxed elementor-section-height-default elementor-section-height-default\" data-id=\"faa33b0\" data-element_type=\"section\">\n\t\t\t\t\t\t<div class=\"elementor-container elementor-column-gap-default\">\n\t\t\t\t\t<div class=\"elementor-column elementor-col-66 elementor-top-column elementor-element elementor-element-634e681\" data-id=\"634e681\" data-element_type=\"column\">\n\t\t\t<div class=\"elementor-widget-wrap elementor-element-populated\">\n\t\t\t\t\t\t\t\t<div class=\"elementor-element elementor-element-8f3e171 elementor-widget elementor-widget-text-editor\" data-id=\"8f3e171\" data-element_type=\"widget\" data-widget_type=\"text-editor.default\">\n\t\t\t\t<div class=\"elementor-widget-container\">\n\t\t\t\t\t\t\t<p><span style=\"font-family: helvetica, arial, sans-serif; font-size: 16px;\">DES QUESTIONS?<\/span><\/p><p><span style=\"font-family: helvetica, arial, sans-serif; font-size: 16px;\">Voici quelques questions qui sont souvent demand\u00e9es :<\/span><\/p><ul><li><span style=\"font-family: helvetica, arial, sans-serif; font-size: 16px;\">Comment d\u00e9velopper mon potentiel rapidement?<\/span><br \/><span style=\"font-family: helvetica, arial, sans-serif; font-size: 16px;\">\u2022 Comment am\u00e9liorer ma situation et mes relations?<\/span><br \/><span style=\"font-family: helvetica, arial, sans-serif; font-size: 16px;\">\u2022 J\u2019ai l\u2019impression de tourner en rond, qu\u2019est-ce qui bloque?<\/span><br \/><span style=\"font-family: helvetica, arial, sans-serif; font-size: 16px;\">\u2022 Comment \u00eatre devant un groupe?<\/span><br \/><span style=\"font-family: helvetica, arial, sans-serif; font-size: 16px;\">\u2022 Comment arr\u00eater d\u2019avoir peur d\u2019\u00eatre jug\u00e9?<\/span><br \/><span style=\"font-family: helvetica, arial, sans-serif; font-size: 16px;\">\u2022 Pouvez-vous m\u2019aider avec mon syndrome de l\u2019imposteur?<\/span><br \/><span style=\"font-family: helvetica, arial, sans-serif; font-size: 16px;\">\u2022 Pourquoi je n\u2019avance pas?<\/span><br \/><span style=\"font-family: helvetica, arial, sans-serif; font-size: 16px;\">\u2022 Quoi faire avec mon projet?<\/span><br \/><span style=\"font-family: helvetica, arial, sans-serif; font-size: 16px;\">\u2022 Pouvez-vous m\u2019aider \u00e0 r\u00e9aliser mon but?<\/span><\/li><\/ul>\t\t\t\t\t\t<\/div>\n\t\t\t\t<\/div>\n\t\t\t\t\t<\/div>\n\t\t<\/div>\n\t\t\t\t<div class=\"elementor-column elementor-col-33 elementor-top-column elementor-element elementor-element-487edf8\" data-id=\"487edf8\" data-element_type=\"column\">\n\t\t\t<div class=\"elementor-widget-wrap elementor-element-populated\">\n\t\t\t\t\t\t\t\t<div class=\"elementor-element elementor-element-bc36291 elementor-widget elementor-widget-spacer\" data-id=\"bc36291\" data-element_type=\"widget\" data-widget_type=\"spacer.default\">\n\t\t\t\t<div class=\"elementor-widget-container\">\n\t\t\t\t\t<div class=\"elementor-spacer\">\n\t\t\t<div class=\"elementor-spacer-inner\"><\/div>\n\t\t<\/div>\n\t\t\t\t<\/div>\n\t\t\t\t<\/div>\n\t\t\t\t<div class=\"elementor-element elementor-element-7010fb8 elementor-widget elementor-widget-image\" data-id=\"7010fb8\" data-element_type=\"widget\" data-widget_type=\"image.default\">\n\t\t\t\t<div class=\"elementor-widget-container\">\n\t\t\t\t\t\t\t\t\t\t\t\t<figure class=\"wp-caption\">\n\t\t\t\t\t\t\t\t\t\t<img loading=\"lazy\" decoding=\"async\" width=\"433\" height=\"203\" src=\"https:\/\/www.sphere-coaching.com\/entre\/wp-content\/uploads\/2022\/11\/contacter.jpg\" class=\"attachment-large size-large wp-image-1641\" alt=\"\" srcset=\"https:\/\/www.sphere-coaching.com\/entre\/wp-content\/uploads\/2022\/11\/contacter.jpg 433w, https:\/\/www.sphere-coaching.com\/entre\/wp-content\/uploads\/2022\/11\/contacter-300x141.jpg 300w\" sizes=\"auto, (max-width: 433px) 100vw, 433px\" \/>\t\t\t\t\t\t\t\t\t\t\t<figcaption class=\"widget-image-caption wp-caption-text\">Oui je le peux !<\/figcaption>\n\t\t\t\t\t\t\t\t\t\t<\/figure>\n\t\t\t\t\t\t\t\t\t<\/div>\n\t\t\t\t<\/div>\n\t\t\t\t\t<\/div>\n\t\t<\/div>\n\t\t\t\t\t\t\t<\/div>\n\t\t<\/section>\n\t\t\t\t\t\t\t<\/div>\n\t\t","protected":false},"excerpt":{"rendered":"<p>QU\u2019EST-CE QUE\u00a0 LE COACHING?Le coaching est un processus d\u2019accompagnement qui am\u00e8ne\u00a0 une personne ou une entreprise \u00e0 atteindre son but et \u00e0 se r\u00e9aliser pleinement. QUE PERMET LE COAGHING ? Je vous propose diff\u00e9rents plans d\u2019actions et m\u00e9thodes\u00a0 afin de vous aider aider \u00e0 d\u00e9velopper les comp\u00e9tences n\u00e9cessaires \u00e0 l\u2019atteinte de vos buts. Pour avoir&hellip;<\/p>\n","protected":false},"author":1,"featured_media":0,"parent":149,"menu_order":0,"comment_status":"closed","ping_status":"closed","template":"","meta":{"footnotes":""},"class_list":["post-807","page","type-page","status-publish","hentry"],"_links":{"self":[{"href":"https:\/\/www.sphere-coaching.com\/entre\/wp-json\/wp\/v2\/pages\/807","targetHints":{"allow":["GET"]}}],"collection":[{"href":"https:\/\/www.sphere-coaching.com\/entre\/wp-json\/wp\/v2\/pages"}],"about":[{"href":"https:\/\/www.sphere-coaching.com\/entre\/wp-json\/wp\/v2\/types\/page"}],"author":[{"embeddable":true,"href":"https:\/\/www.sphere-coaching.com\/entre\/wp-json\/wp\/v2\/users\/1"}],"replies":[{"embeddable":true,"href":"https:\/\/www.sphere-coaching.com\/entre\/wp-json\/wp\/v2\/comments?post=807"}],"version-history":[{"count":99,"href":"https:\/\/www.sphere-coaching.com\/entre\/wp-json\/wp\/v2\/pages\/807\/revisions"}],"predecessor-version":[{"id":1733,"href":"https:\/\/www.sphere-coaching.com\/entre\/wp-json\/wp\/v2\/pages\/807\/revisions\/1733"}],"up":[{"embeddable":true,"href":"https:\/\/www.sphere-coaching.com\/entre\/wp-json\/wp\/v2\/pages\/149"}],"wp:attachment":[{"href":"https:\/\/www.sphere-coaching.com\/entre\/wp-json\/wp\/v2\/media?parent=807"}],"curies":[{"name":"wp","href":"https:\/\/api.w.org\/{rel}","templated":true}]}}