{"id":727,"date":"2022-02-03T20:21:28","date_gmt":"2022-02-03T20:21:28","guid":{"rendered":"https:\/\/www.sphere-coaching.com\/entre\/?page_id=727"},"modified":"2022-12-01T02:13:50","modified_gmt":"2022-12-01T02:13:50","slug":"formation","status":"publish","type":"page","link":"https:\/\/www.sphere-coaching.com\/entre\/home\/formation\/","title":{"rendered":"Formation"},"content":{"rendered":"\t\t<div data-elementor-type=\"wp-page\" data-elementor-id=\"727\" class=\"elementor elementor-727\">\n\t\t\t\t\t\t\t\t\t<section class=\"elementor-section elementor-top-section elementor-element elementor-element-827606f elementor-section-boxed elementor-section-height-default elementor-section-height-default\" data-id=\"827606f\" data-element_type=\"section\">\n\t\t\t\t\t\t<div class=\"elementor-container elementor-column-gap-default\">\n\t\t\t\t\t<div class=\"elementor-column elementor-col-33 elementor-top-column elementor-element elementor-element-5d21108\" data-id=\"5d21108\" data-element_type=\"column\">\n\t\t\t<div class=\"elementor-widget-wrap elementor-element-populated\">\n\t\t\t\t\t\t\t\t<div class=\"elementor-element elementor-element-1af1659 elementor-absolute elementor-widget elementor-widget-image\" data-id=\"1af1659\" data-element_type=\"widget\" data-settings=\"{&quot;_position&quot;:&quot;absolute&quot;}\" data-widget_type=\"image.default\">\n\t\t\t\t<div class=\"elementor-widget-container\">\n\t\t\t<style>\/*! elementor - v3.11.0 - 13-02-2023 *\/\n.elementor-widget-image{text-align:center}.elementor-widget-image a{display:inline-block}.elementor-widget-image a img[src$=\".svg\"]{width:48px}.elementor-widget-image img{vertical-align:middle;display:inline-block}<\/style>\t\t\t\t\t\t\t\t\t\t\t\t<img loading=\"lazy\" decoding=\"async\" width=\"1024\" height=\"426\" src=\"https:\/\/www.sphere-coaching.com\/entre\/wp-content\/uploads\/2022\/02\/businessman-3087395_1280-1024x426.jpg\" class=\"attachment-large size-large wp-image-1230\" alt=\"\" srcset=\"https:\/\/www.sphere-coaching.com\/entre\/wp-content\/uploads\/2022\/02\/businessman-3087395_1280-1024x426.jpg 1024w, https:\/\/www.sphere-coaching.com\/entre\/wp-content\/uploads\/2022\/02\/businessman-3087395_1280-300x125.jpg 300w, https:\/\/www.sphere-coaching.com\/entre\/wp-content\/uploads\/2022\/02\/businessman-3087395_1280-768x320.jpg 768w, https:\/\/www.sphere-coaching.com\/entre\/wp-content\/uploads\/2022\/02\/businessman-3087395_1280.jpg 1280w\" sizes=\"auto, (max-width: 1024px) 100vw, 1024px\" \/>\t\t\t\t\t\t\t\t\t\t\t\t\t\t\t<\/div>\n\t\t\t\t<\/div>\n\t\t\t\t\t<\/div>\n\t\t<\/div>\n\t\t\t\t<div class=\"elementor-column elementor-col-66 elementor-top-column elementor-element elementor-element-fd8a9cf\" data-id=\"fd8a9cf\" data-element_type=\"column\">\n\t\t\t<div class=\"elementor-widget-wrap elementor-element-populated\">\n\t\t\t\t\t\t\t\t<div class=\"elementor-element elementor-element-1f74e67 elementor-widget elementor-widget-text-editor\" data-id=\"1f74e67\" data-element_type=\"widget\" data-widget_type=\"text-editor.default\">\n\t\t\t\t<div class=\"elementor-widget-container\">\n\t\t\t<style>\/*! elementor - v3.11.0 - 13-02-2023 *\/\n.elementor-widget-text-editor.elementor-drop-cap-view-stacked .elementor-drop-cap{background-color:#818a91;color:#fff}.elementor-widget-text-editor.elementor-drop-cap-view-framed .elementor-drop-cap{color:#818a91;border:3px solid;background-color:transparent}.elementor-widget-text-editor:not(.elementor-drop-cap-view-default) .elementor-drop-cap{margin-top:8px}.elementor-widget-text-editor:not(.elementor-drop-cap-view-default) .elementor-drop-cap-letter{width:1em;height:1em}.elementor-widget-text-editor .elementor-drop-cap{float:left;text-align:center;line-height:1;font-size:50px}.elementor-widget-text-editor .elementor-drop-cap-letter{display:inline-block}<\/style>\t\t\t\t<ul><li><span style=\"font-size: 14px; font-family: helvetica, arial, sans-serif;\">Formation comment cr\u00e9er un lien<\/span><\/li><li><span style=\"font-size: 14px; font-family: helvetica, arial, sans-serif;\">Formation mission-vision entreprise<\/span><\/li><li><span style=\"font-size: 14px; font-family: helvetica, arial, sans-serif;\">Formation en vente<\/span><\/li><li><span style=\"font-size: 14px; font-family: helvetica, arial, sans-serif;\">Formation parler avec aisance en publique<\/span><\/li><li><span style=\"font-size: 14px; font-family: helvetica, arial, sans-serif;\">Formation Groupe de co-d\u00e9veloppement<\/span><\/li><li><span style=\"font-size: 14px; font-family: helvetica, arial, sans-serif;\">Formation en Programmation Neurolinguistique<\/span><\/li><li><span style=\"font-size: 14px; font-family: helvetica, arial, sans-serif;\">Formation du R\u00e9seau Linkedin \u2013 Base et Interm\u00e9diare<\/span><\/li><li><span style=\"font-size: 14px; font-family: helvetica, arial, sans-serif;\">Formation Mieux comprendre vos strat\u00e9gies de r\u00e9ussite<\/span><\/li><\/ul>\t\t\t\t\t\t<\/div>\n\t\t\t\t<\/div>\n\t\t\t\t\t<\/div>\n\t\t<\/div>\n\t\t\t\t\t\t\t<\/div>\n\t\t<\/section>\n\t\t\t\t<section class=\"elementor-section elementor-top-section elementor-element elementor-element-d8d1631 elementor-section-boxed elementor-section-height-default elementor-section-height-default\" data-id=\"d8d1631\" data-element_type=\"section\">\n\t\t\t\t\t\t<div class=\"elementor-container elementor-column-gap-default\">\n\t\t\t\t\t<div class=\"elementor-column elementor-col-50 elementor-top-column elementor-element elementor-element-c174167\" data-id=\"c174167\" data-element_type=\"column\">\n\t\t\t<div class=\"elementor-widget-wrap elementor-element-populated\">\n\t\t\t\t\t\t\t\t<div class=\"elementor-element elementor-element-b643288 elementor-widget elementor-widget-text-editor\" data-id=\"b643288\" data-element_type=\"widget\" data-widget_type=\"text-editor.default\">\n\t\t\t\t<div class=\"elementor-widget-container\">\n\t\t\t\t\t\t\t<ul><li>Atelier conf\u00e9rence<\/li><li><span style=\"font-size: 14px; font-family: helvetica, arial, sans-serif;\">Cr\u00e9er un lien<\/span><\/li><li><span style=\"font-size: 14px; font-family: helvetica, arial, sans-serif;\">D\u00e9velopper votre leadership<\/span><\/li><li><span style=\"font-size: 14px; font-family: helvetica, arial, sans-serif;\">Comment changer un comportement<\/span><\/li><li><span style=\"font-size: 14px; font-family: helvetica, arial, sans-serif;\">D\u00e9velopper le management participatif<\/span><\/li><li><span style=\"font-size: 14px; font-family: helvetica, arial, sans-serif;\">Les d\u00e9fis inter-relation dans la haute direction<\/span><\/li><li><span style=\"font-size: 14px;\">Groupe de co-d\u00e9veloppement<\/span><\/li><li><span style=\"font-size: 14px; font-family: helvetica, arial, sans-serif;\">Apprendre \u00e0 prendre sa place avec authenticit\u00e9<\/span><\/li><li><span style=\"font-size: 14px; font-family: helvetica, arial, sans-serif;\">Communiquer efficacement et am\u00e9liorer vos r\u00e9sultats<\/span><\/li><li><span style=\"font-size: 14px; font-family: helvetica, arial, sans-serif;\">Les relations Shortcakes<\/span><span style=\"font-size: 14px; font-family: helvetica, arial, sans-serif;\">s<\/span><\/li><\/ul>\t\t\t\t\t\t<\/div>\n\t\t\t\t<\/div>\n\t\t\t\t\t<\/div>\n\t\t<\/div>\n\t\t\t\t<div class=\"elementor-column elementor-col-50 elementor-top-column elementor-element elementor-element-6cf766e\" data-id=\"6cf766e\" data-element_type=\"column\">\n\t\t\t<div class=\"elementor-widget-wrap elementor-element-populated\">\n\t\t\t\t\t\t\t\t<div class=\"elementor-element elementor-element-fb02ef5 elementor-widget elementor-widget-text-editor\" data-id=\"fb02ef5\" data-element_type=\"widget\" data-widget_type=\"text-editor.default\">\n\t\t\t\t<div class=\"elementor-widget-container\">\n\t\t\t\t\t\t\t<ul><li><span style=\"font-size: 14px; font-family: helvetica, arial, sans-serif;\">D\u00e9velopper son intuition pour de meilleurs d\u00e9cision<\/span><\/li><li><span style=\"font-size: 14px; font-family: helvetica, arial, sans-serif;\">L\u2019intuition en action<\/span><\/li><li><span style=\"font-size: 14px; font-family: helvetica, arial, sans-serif;\">Vaincre votre vuln\u00e9rabilit\u00e9 pour vivre un succ\u00e8s<\/span><\/li><li><span style=\"font-size: 14px; font-family: helvetica, arial, sans-serif;\">Transformer une situation en opportunit\u00e9 de changement<\/span><\/li><li><span style=\"font-size: 14px; font-family: helvetica, arial, sans-serif;\">Mieux comprendre votre syst\u00e8me relationnel<\/span><\/li><li><span style=\"font-size: 14px; font-family: helvetica, arial, sans-serif;\">Bouger vos yeux pour augmenter votre potentiel<\/span><\/li><li><span style=\"font-size: 14px; font-family: helvetica, arial, sans-serif;\">Mieux communiquer et utiliser les r\u00e9seaux sociaux<\/span><\/li><li><span style=\"font-size: 14px; font-family: helvetica, arial, sans-serif;\">Comment r\u00e9seauter efficacement<\/span><\/li><li><span style=\"font-size: 14px; font-family: helvetica, arial, sans-serif;\">D\u00e9passer la peur de parler en public<\/span><\/li><li><span style=\"font-size: 14px; font-family: helvetica, arial, sans-serif;\">Apprendre \u00e0 vendre efficacement<\/span><\/li><\/ul>\t\t\t\t\t\t<\/div>\n\t\t\t\t<\/div>\n\t\t\t\t\t<\/div>\n\t\t<\/div>\n\t\t\t\t\t\t\t<\/div>\n\t\t<\/section>\n\t\t\t\t<section class=\"elementor-section elementor-top-section elementor-element elementor-element-351a975 elementor-section-boxed elementor-section-height-default elementor-section-height-default\" data-id=\"351a975\" data-element_type=\"section\">\n\t\t\t\t\t\t<div class=\"elementor-container elementor-column-gap-default\">\n\t\t\t\t\t<div class=\"elementor-column elementor-col-100 elementor-top-column elementor-element elementor-element-2b1888b\" data-id=\"2b1888b\" data-element_type=\"column\">\n\t\t\t<div class=\"elementor-widget-wrap elementor-element-populated\">\n\t\t\t\t\t\t\t\t<div class=\"elementor-element elementor-element-88dd2dc elementor-widget elementor-widget-image\" data-id=\"88dd2dc\" data-element_type=\"widget\" data-widget_type=\"image.default\">\n\t\t\t\t<div class=\"elementor-widget-container\">\n\t\t\t\t\t\t\t\t\t\t\t\t\t\t\t<img loading=\"lazy\" decoding=\"async\" width=\"300\" height=\"141\" src=\"https:\/\/www.sphere-coaching.com\/entre\/wp-content\/uploads\/2022\/11\/contacter-300x141.jpg\" class=\"attachment-medium size-medium wp-image-1641\" alt=\"\" srcset=\"https:\/\/www.sphere-coaching.com\/entre\/wp-content\/uploads\/2022\/11\/contacter-300x141.jpg 300w, https:\/\/www.sphere-coaching.com\/entre\/wp-content\/uploads\/2022\/11\/contacter.jpg 433w\" sizes=\"auto, (max-width: 300px) 100vw, 300px\" \/>\t\t\t\t\t\t\t\t\t\t\t\t\t\t\t<\/div>\n\t\t\t\t<\/div>\n\t\t\t\t\t<\/div>\n\t\t<\/div>\n\t\t\t\t\t\t\t<\/div>\n\t\t<\/section>\n\t\t\t\t\t\t\t<\/div>\n\t\t","protected":false},"excerpt":{"rendered":"<p>Formation comment cr\u00e9er un lien Formation mission-vision entreprise Formation en vente Formation parler avec aisance en publique Formation Groupe de co-d\u00e9veloppement Formation en Programmation Neurolinguistique Formation du R\u00e9seau Linkedin \u2013 Base et Interm\u00e9diare Formation Mieux comprendre vos strat\u00e9gies de r\u00e9ussite Atelier conf\u00e9rence Cr\u00e9er un lien D\u00e9velopper votre leadership Comment changer un comportement D\u00e9velopper le management&hellip;<\/p>\n","protected":false},"author":1,"featured_media":0,"parent":149,"menu_order":0,"comment_status":"closed","ping_status":"closed","template":"","meta":{"footnotes":""},"class_list":["post-727","page","type-page","status-publish","hentry"],"_links":{"self":[{"href":"https:\/\/www.sphere-coaching.com\/entre\/wp-json\/wp\/v2\/pages\/727","targetHints":{"allow":["GET"]}}],"collection":[{"href":"https:\/\/www.sphere-coaching.com\/entre\/wp-json\/wp\/v2\/pages"}],"about":[{"href":"https:\/\/www.sphere-coaching.com\/entre\/wp-json\/wp\/v2\/types\/page"}],"author":[{"embeddable":true,"href":"https:\/\/www.sphere-coaching.com\/entre\/wp-json\/wp\/v2\/users\/1"}],"replies":[{"embeddable":true,"href":"https:\/\/www.sphere-coaching.com\/entre\/wp-json\/wp\/v2\/comments?post=727"}],"version-history":[{"count":40,"href":"https:\/\/www.sphere-coaching.com\/entre\/wp-json\/wp\/v2\/pages\/727\/revisions"}],"predecessor-version":[{"id":1749,"href":"https:\/\/www.sphere-coaching.com\/entre\/wp-json\/wp\/v2\/pages\/727\/revisions\/1749"}],"up":[{"embeddable":true,"href":"https:\/\/www.sphere-coaching.com\/entre\/wp-json\/wp\/v2\/pages\/149"}],"wp:attachment":[{"href":"https:\/\/www.sphere-coaching.com\/entre\/wp-json\/wp\/v2\/media?parent=727"}],"curies":[{"name":"wp","href":"https:\/\/api.w.org\/{rel}","templated":true}]}}