{"id":1596,"date":"2022-11-24T16:27:56","date_gmt":"2022-11-24T16:27:56","guid":{"rendered":"https:\/\/www.sphere-coaching.com\/entre\/?page_id=1596"},"modified":"2022-11-30T17:25:43","modified_gmt":"2022-11-30T17:25:43","slug":"a-propos","status":"publish","type":"page","link":"https:\/\/www.sphere-coaching.com\/entre\/a-propos\/","title":{"rendered":"\u00c0 propos"},"content":{"rendered":"\t\t<div data-elementor-type=\"wp-page\" data-elementor-id=\"1596\" class=\"elementor elementor-1596\">\n\t\t\t\t\t\t\t\t\t<section class=\"elementor-section elementor-top-section elementor-element elementor-element-caf8cc6 elementor-section-boxed elementor-section-height-default elementor-section-height-default\" data-id=\"caf8cc6\" data-element_type=\"section\">\n\t\t\t\t\t\t<div class=\"elementor-container elementor-column-gap-default\">\n\t\t\t\t\t<div class=\"elementor-column elementor-col-50 elementor-top-column elementor-element elementor-element-b57222c\" data-id=\"b57222c\" data-element_type=\"column\">\n\t\t\t<div class=\"elementor-widget-wrap elementor-element-populated\">\n\t\t\t\t\t\t\t\t<div class=\"elementor-element elementor-element-beb8edd elementor-widget elementor-widget-text-editor\" data-id=\"beb8edd\" data-element_type=\"widget\" data-widget_type=\"text-editor.default\">\n\t\t\t\t<div class=\"elementor-widget-container\">\n\t\t\t<style>\/*! elementor - v3.11.0 - 13-02-2023 *\/\n.elementor-widget-text-editor.elementor-drop-cap-view-stacked .elementor-drop-cap{background-color:#818a91;color:#fff}.elementor-widget-text-editor.elementor-drop-cap-view-framed .elementor-drop-cap{color:#818a91;border:3px solid;background-color:transparent}.elementor-widget-text-editor:not(.elementor-drop-cap-view-default) .elementor-drop-cap{margin-top:8px}.elementor-widget-text-editor:not(.elementor-drop-cap-view-default) .elementor-drop-cap-letter{width:1em;height:1em}.elementor-widget-text-editor .elementor-drop-cap{float:left;text-align:center;line-height:1;font-size:50px}.elementor-widget-text-editor .elementor-drop-cap-letter{display:inline-block}<\/style>\t\t\t\t<p><strong><span style=\"font-size: 14px;\">Qui<\/span><span style=\"font-size: 14px;\"> suis-je ?<\/span><\/strong><\/p><p><span style=\"font-size: 14px; font-family: arial, helvetica, sans-serif;\">Je me d\u00e9cris comme une personne qui aime vraiment l&rsquo;humain. <\/span><\/p><p><span style=\"font-size: 14px; font-family: arial, helvetica, sans-serif;\">Ce qui me passionne c&rsquo;est de vous accompagner dans votre processus de r\u00e9ussite et de vous voir vivre un accomplissement.<\/span><\/p><p><strong><span style=\"font-size: 14px; font-family: arial, helvetica, sans-serif;\">Que voulez-vous vraiment r\u00e9aliser?<\/span><\/strong><\/p><p><span style=\"font-size: 14px; font-family: arial, helvetica, sans-serif;\">Depuis longtemps, plusieurs personnes me parlent d\u2019objectif, de d\u00e9passement, d\u2019\u00e9motion, d\u2019obstacle, d\u2019ind\u00e9cision, d\u2019action et j\u2019en passe. Ces gens ont en commun un but, un projet \u00e0 r\u00e9aliser, mais le chemin \u00e0 parcourir n\u2019est pas toujours \u00e9vident.<\/span><\/p><p><span style=\"font-size: 14px; font-family: arial, helvetica, sans-serif;\">Puis vient les discussions sur les comp\u00e9tences, les talents, les ressources tout en mentionnant quelques croyances qui ralentissent le processus de r\u00e9ussite. D\u2019autres fois nous parlons des emp\u00eachements, des r\u00e9sistances qui am\u00e8nent parfois \u00e0 changer la fa\u00e7on de faire sans changer la destination. <\/span><br \/><span style=\"font-size: 14px; font-family: arial, helvetica, sans-serif;\">\u00c9videmment les valeurs importantes sont utilis\u00e9es, car elles font partie des piliers essentiels au bon d\u00e9veloppement du potentiel de la personne et de l\u2019entreprise. <\/span><br \/><span style=\"font-size: 14px; font-family: arial, helvetica, sans-serif;\">Que ce soit pour le d\u00e9veloppement des affaires ou de la personne, pour mieux avancer et passer \u00e0 un autre niveau, se connaitre est un des \u00e9l\u00e9ments cl\u00e9s pour y arriver. Lorsque les gens d\u00e9cident d\u2019aller de l\u2019avant avec une id\u00e9e ou une vision \u00e0 r\u00e9aliser, c\u2019est \u00e0 ce moment qu\u2019ils prennent contact avec moi. <\/span><br \/><span style=\"font-size: 14px; font-family: arial, helvetica, sans-serif;\">\u00c0 l\u2019aide du coaching, ces gens s\u2019assurent d\u2019obtenir de l\u2019\u00e9coute, des outils, des prises de consciences, des pistes de solutions, de prendre les bonnes d\u00e9cisions et d&rsquo;avoir un soutien entre les rencontres pour \u00eatre et rester align\u00e9 avec ce qu\u2019ils ont d\u00e9cid\u00e9 de r\u00e9aliser.<\/span><\/p><p><em><strong><span style=\"font-size: 14px; font-family: arial, helvetica, sans-serif;\">Votre coach, Marie-France<\/span><\/strong><\/em><\/p><p><span style=\"font-size: 14px; font-family: arial, helvetica, sans-serif;\"><br \/><\/span><\/p><\/div><\/div><\/div><\/div><\/div><\/section><\/div> <a href=\"https:\/\/www.sphere-coaching.com\/entre\/a-propos\/#more-1596\" class=\"more-link elementor-more-link\"><span aria-label=\"Poursuivre la lecture \u00c0 propos\">(plus\u2026)<\/span><\/a>","protected":false},"excerpt":{"rendered":"<p>Qui suis-je ? Je me d\u00e9cris comme une personne qui aime vraiment l&rsquo;humain. Ce qui me passionne c&rsquo;est de vous accompagner dans votre processus de r\u00e9ussite et de vous voir vivre un accomplissement. Que voulez-vous vraiment r\u00e9aliser? Depuis longtemps, plusieurs personnes me parlent d\u2019objectif, de d\u00e9passement, d\u2019\u00e9motion, d\u2019obstacle, d\u2019ind\u00e9cision, d\u2019action et j\u2019en passe. Ces gens&hellip;<\/p>\n","protected":false},"author":1,"featured_media":0,"parent":0,"menu_order":0,"comment_status":"closed","ping_status":"closed","template":"","meta":{"footnotes":""},"class_list":["post-1596","page","type-page","status-publish","hentry"],"_links":{"self":[{"href":"https:\/\/www.sphere-coaching.com\/entre\/wp-json\/wp\/v2\/pages\/1596","targetHints":{"allow":["GET"]}}],"collection":[{"href":"https:\/\/www.sphere-coaching.com\/entre\/wp-json\/wp\/v2\/pages"}],"about":[{"href":"https:\/\/www.sphere-coaching.com\/entre\/wp-json\/wp\/v2\/types\/page"}],"author":[{"embeddable":true,"href":"https:\/\/www.sphere-coaching.com\/entre\/wp-json\/wp\/v2\/users\/1"}],"replies":[{"embeddable":true,"href":"https:\/\/www.sphere-coaching.com\/entre\/wp-json\/wp\/v2\/comments?post=1596"}],"version-history":[{"count":50,"href":"https:\/\/www.sphere-coaching.com\/entre\/wp-json\/wp\/v2\/pages\/1596\/revisions"}],"predecessor-version":[{"id":1718,"href":"https:\/\/www.sphere-coaching.com\/entre\/wp-json\/wp\/v2\/pages\/1596\/revisions\/1718"}],"wp:attachment":[{"href":"https:\/\/www.sphere-coaching.com\/entre\/wp-json\/wp\/v2\/media?parent=1596"}],"curies":[{"name":"wp","href":"https:\/\/api.w.org\/{rel}","templated":true}]}}