{"id":1455,"date":"2022-02-15T18:55:03","date_gmt":"2022-02-15T18:55:03","guid":{"rendered":"https:\/\/www.sphere-coaching.com\/entre\/?page_id=1455"},"modified":"2022-02-15T18:58:47","modified_gmt":"2022-02-15T18:58:47","slug":"temoignages","status":"publish","type":"page","link":"https:\/\/www.sphere-coaching.com\/entre\/home\/temoignages\/","title":{"rendered":"T\u00e9moignages"},"content":{"rendered":"\t\t<div data-elementor-type=\"wp-page\" data-elementor-id=\"1455\" class=\"elementor elementor-1455\">\n\t\t\t\t\t\t\t\t\t<section class=\"elementor-section elementor-top-section elementor-element elementor-element-3f8e682e elementor-section-boxed elementor-section-height-default elementor-section-height-default\" data-id=\"3f8e682e\" data-element_type=\"section\">\n\t\t\t\t\t\t<div class=\"elementor-container elementor-column-gap-default\">\n\t\t\t\t\t<div class=\"elementor-column elementor-col-100 elementor-top-column elementor-element elementor-element-4d9efc8a\" data-id=\"4d9efc8a\" data-element_type=\"column\">\n\t\t\t<div class=\"elementor-widget-wrap elementor-element-populated\">\n\t\t\t\t\t\t\t\t<div class=\"elementor-element elementor-element-788de6a5 elementor-widget elementor-widget-text-editor\" data-id=\"788de6a5\" data-element_type=\"widget\" data-widget_type=\"text-editor.default\">\n\t\t\t\t<div class=\"elementor-widget-container\">\n\t\t\t<style>\/*! elementor - v3.11.0 - 13-02-2023 *\/\n.elementor-widget-text-editor.elementor-drop-cap-view-stacked .elementor-drop-cap{background-color:#818a91;color:#fff}.elementor-widget-text-editor.elementor-drop-cap-view-framed .elementor-drop-cap{color:#818a91;border:3px solid;background-color:transparent}.elementor-widget-text-editor:not(.elementor-drop-cap-view-default) .elementor-drop-cap{margin-top:8px}.elementor-widget-text-editor:not(.elementor-drop-cap-view-default) .elementor-drop-cap-letter{width:1em;height:1em}.elementor-widget-text-editor .elementor-drop-cap{float:left;text-align:center;line-height:1;font-size:50px}.elementor-widget-text-editor .elementor-drop-cap-letter{display:inline-block}<\/style>\t\t\t\t<hr>\n<p><span style=\"font-family: helvetica, arial, sans-serif; font-size: 14px; color: #333333;\">\u00bb Je recommanderais Marie-France \u00e0 toutes les personnes, qui souhaitent, d\u2019une fa\u00e7on ou d\u2019une autre,&nbsp;\u00eatre une meilleure version d\u2019elles m\u00eame, dans le but d\u2019atteindre leurs objectifs et de r\u00e9aliser leurs r\u00eaves.&nbsp;Ses ressources, ses m\u00e9thodes et ses comp\u00e9tences sont plus que diversifi\u00e9s, ce qui lui permet de choisir la strat\u00e9gie \u00e0 adapter pour votre propre b\u00e9n\u00e9fice.&nbsp;De plus, elle sait nous mettre en confiance et mettre en valeur nos forces. Elle se sert de nos exp\u00e9riences pass\u00e9es pour nous donner des exemples plus que concret, pour l\u2019application et la r\u00e9alisation des objectifs \u00e0 venir, ce qui augmente notre compr\u00e9hension et qui nous donne un point de rep\u00e8re facilement m\u00e9morable.<\/span><br><span style=\"font-family: helvetica, arial, sans-serif; font-size: 14px; color: #333333;\">Pour un service professionnel et personnalis\u00e9, \u00e0 distance, comme en personne, elle fait un travail remarquable!&nbsp; Merci et Bravo!&nbsp; Katy L.&nbsp;\u00bb<\/span><\/p>\n<hr>\n<p><span style=\"font-family: helvetica, arial, sans-serif; font-size: 14px; color: #333333;\">\u00bb Les services de Marie-France Nault sont tout \u00e0 fait de premi\u00e8re qualit\u00e9. Marie-France est une personne remarquable et brillante et elle sait nous mettre en confiance tr\u00e8s rapidement. Elle est d\u2019une \u00e9coute exceptionnelle et nous propose un coffre \u00e0 outils complet, pour nous permettre de nous prendre en main rapidement. Sa solide exp\u00e9rience nous permet de voir en perspective rapidement notre situation, pour ainsi r\u00e9agir rapidement.&nbsp;L\u2019essayer c\u2019est l\u2019adopter! Sa r\u00e9compense votre r\u00e9ussite!&nbsp;&nbsp;Marie-France Nault est une personne d\u2019exception. Elle comprend nos pr\u00e9occupations de nouvel entrepreneur et les doutes que nous pouvons avoir. Elle a solidifi\u00e9 ma confiance en mes moyens et a fait ressortir ce qu\u2019il y a de meilleur en moi. Elle donne de l\u2019importance \u00e0 nos projets et \u00e0 notre capacit\u00e9 de nous d\u00e9passer. Merci pour ton enthousiasme et tes pr\u00e9cieux conseils.<\/span><\/p>\n<p><span style=\"font-family: helvetica, arial, sans-serif; font-size: 14px; color: #333333;\">Normand&nbsp; B \u00ab<\/span><\/p>\n<hr>\n<p><span style=\"font-family: helvetica, arial, sans-serif; font-size: 14px; color: #333333;\">\u00a0\u00bb Une chose est certaine, je devais la rencontrer ! Inspirante, combl\u00e9e de passion, comp\u00e9tente et g\u00e9n\u00e9reuse. ELLE me guide vers ma d\u00e9cision et \u00e0 passer \u00e0 l\u2019action.&nbsp; &nbsp;Avec conviction je vous dis c\u2019est une rencontre qui bouleversera compl\u00e8tement ma vie et un jour je dirai c\u2019est gr\u00e2ce \u00e0 ELLE que je suis ici.<\/span><\/p>\n<p><span style=\"font-family: helvetica, arial, sans-serif; font-size: 14px; color: #333333;\">Nathalie B.\u00a0\u00bb<\/span><\/p>\n<hr>\n<p><span style=\"font-family: helvetica, arial, sans-serif; font-size: 14px; color: #333333;\">\u00a0\u00bb Un accompagnement avec MarieFrance Nault est tout simplement un cadeau \u00e0 s\u2019offrir.&nbsp;&nbsp;Ses comp\u00e9tences, son professionnalisme et la passion de l\u2019\u00eatre humain qu\u2019elle d\u00e9gage, pour ne nommer que ceux-ci, m\u2019ont permis de me surpasser et de sortir de ma zone de confort en toute confiance. Elle&nbsp;est une merveilleuse guide que je recommande \u00e0 tous ceux qui sont pr\u00eat&nbsp;\u00e0 aller de l\u2019avant.<\/span><\/p>\n<p><span style=\"font-family: helvetica, arial, sans-serif; font-size: 14px; color: #333333;\">Merci ! \u00ab\u00a0<\/span><\/p><p><span style=\"font-family: helvetica, arial, sans-serif; font-size: 14px; color: #333333;\"><br><\/span><\/p>\t\t\t\t\t\t<\/div>\n\t\t\t\t<\/div>\n\t\t\t\t\t<\/div>\n\t\t<\/div>\n\t\t\t\t\t\t\t<\/div>\n\t\t<\/section>\n\t\t\t\t\t\t\t<\/div>\n\t\t","protected":false},"excerpt":{"rendered":"<p>\u00bb Je recommanderais Marie-France \u00e0 toutes les personnes, qui souhaitent, d\u2019une fa\u00e7on ou d\u2019une autre,&nbsp;\u00eatre une meilleure version d\u2019elles m\u00eame, dans le but d\u2019atteindre leurs objectifs et de r\u00e9aliser leurs r\u00eaves.&nbsp;Ses ressources, ses m\u00e9thodes et ses comp\u00e9tences sont plus que diversifi\u00e9s, ce qui lui permet de choisir la strat\u00e9gie \u00e0 adapter pour votre propre b\u00e9n\u00e9fice.&nbsp;De&hellip;<\/p>\n","protected":false},"author":1,"featured_media":0,"parent":149,"menu_order":0,"comment_status":"closed","ping_status":"closed","template":"","meta":{"footnotes":""},"class_list":["post-1455","page","type-page","status-publish","hentry"],"_links":{"self":[{"href":"https:\/\/www.sphere-coaching.com\/entre\/wp-json\/wp\/v2\/pages\/1455","targetHints":{"allow":["GET"]}}],"collection":[{"href":"https:\/\/www.sphere-coaching.com\/entre\/wp-json\/wp\/v2\/pages"}],"about":[{"href":"https:\/\/www.sphere-coaching.com\/entre\/wp-json\/wp\/v2\/types\/page"}],"author":[{"embeddable":true,"href":"https:\/\/www.sphere-coaching.com\/entre\/wp-json\/wp\/v2\/users\/1"}],"replies":[{"embeddable":true,"href":"https:\/\/www.sphere-coaching.com\/entre\/wp-json\/wp\/v2\/comments?post=1455"}],"version-history":[{"count":7,"href":"https:\/\/www.sphere-coaching.com\/entre\/wp-json\/wp\/v2\/pages\/1455\/revisions"}],"predecessor-version":[{"id":1463,"href":"https:\/\/www.sphere-coaching.com\/entre\/wp-json\/wp\/v2\/pages\/1455\/revisions\/1463"}],"up":[{"embeddable":true,"href":"https:\/\/www.sphere-coaching.com\/entre\/wp-json\/wp\/v2\/pages\/149"}],"wp:attachment":[{"href":"https:\/\/www.sphere-coaching.com\/entre\/wp-json\/wp\/v2\/media?parent=1455"}],"curies":[{"name":"wp","href":"https:\/\/api.w.org\/{rel}","templated":true}]}}