{"id":1101,"date":"2022-02-10T20:30:13","date_gmt":"2022-02-10T20:30:13","guid":{"rendered":"https:\/\/www.sphere-coaching.com\/entre\/?page_id=1101"},"modified":"2022-11-30T17:01:37","modified_gmt":"2022-11-30T17:01:37","slug":"conference-2","status":"publish","type":"page","link":"https:\/\/www.sphere-coaching.com\/entre\/home\/conference-2\/","title":{"rendered":"Conf\u00e9rence"},"content":{"rendered":"\t\t<div data-elementor-type=\"wp-page\" data-elementor-id=\"1101\" class=\"elementor elementor-1101\">\n\t\t\t\t\t\t\t\t\t<section class=\"elementor-section elementor-top-section elementor-element elementor-element-9b6328b elementor-section-boxed elementor-section-height-default elementor-section-height-default\" data-id=\"9b6328b\" data-element_type=\"section\">\n\t\t\t\t\t\t<div class=\"elementor-container elementor-column-gap-default\">\n\t\t\t\t\t<div class=\"elementor-column elementor-col-16 elementor-top-column elementor-element elementor-element-00a9ab6\" data-id=\"00a9ab6\" data-element_type=\"column\">\n\t\t\t<div class=\"elementor-widget-wrap elementor-element-populated\">\n\t\t\t\t\t\t\t\t<div class=\"elementor-element elementor-element-5ea0940 elementor-widget elementor-widget-image\" data-id=\"5ea0940\" data-element_type=\"widget\" data-widget_type=\"image.default\">\n\t\t\t\t<div class=\"elementor-widget-container\">\n\t\t\t<style>\/*! elementor - v3.11.0 - 13-02-2023 *\/\n.elementor-widget-image{text-align:center}.elementor-widget-image a{display:inline-block}.elementor-widget-image a img[src$=\".svg\"]{width:48px}.elementor-widget-image img{vertical-align:middle;display:inline-block}<\/style>\t\t\t\t\t\t\t\t\t\t\t\t<img loading=\"lazy\" decoding=\"async\" width=\"768\" height=\"512\" src=\"https:\/\/www.sphere-coaching.com\/entre\/wp-content\/uploads\/2022\/02\/conference-768x512.jpg\" class=\"attachment-medium_large size-medium_large wp-image-1103\" alt=\"\" srcset=\"https:\/\/www.sphere-coaching.com\/entre\/wp-content\/uploads\/2022\/02\/conference-768x512.jpg 768w, https:\/\/www.sphere-coaching.com\/entre\/wp-content\/uploads\/2022\/02\/conference-300x200.jpg 300w, https:\/\/www.sphere-coaching.com\/entre\/wp-content\/uploads\/2022\/02\/conference-1024x682.jpg 1024w, https:\/\/www.sphere-coaching.com\/entre\/wp-content\/uploads\/2022\/02\/conference.jpg 1280w\" sizes=\"auto, (max-width: 768px) 100vw, 768px\" \/>\t\t\t\t\t\t\t\t\t\t\t\t\t\t\t<\/div>\n\t\t\t\t<\/div>\n\t\t\t\t\t<\/div>\n\t\t<\/div>\n\t\t\t\t<div class=\"elementor-column elementor-col-66 elementor-top-column elementor-element elementor-element-074d5bb\" data-id=\"074d5bb\" data-element_type=\"column\">\n\t\t\t<div class=\"elementor-widget-wrap elementor-element-populated\">\n\t\t\t\t\t\t\t\t<div class=\"elementor-element elementor-element-96bd121 elementor-widget elementor-widget-text-editor\" data-id=\"96bd121\" data-element_type=\"widget\" data-widget_type=\"text-editor.default\">\n\t\t\t\t<div class=\"elementor-widget-container\">\n\t\t\t<style>\/*! elementor - v3.11.0 - 13-02-2023 *\/\n.elementor-widget-text-editor.elementor-drop-cap-view-stacked .elementor-drop-cap{background-color:#818a91;color:#fff}.elementor-widget-text-editor.elementor-drop-cap-view-framed .elementor-drop-cap{color:#818a91;border:3px solid;background-color:transparent}.elementor-widget-text-editor:not(.elementor-drop-cap-view-default) .elementor-drop-cap{margin-top:8px}.elementor-widget-text-editor:not(.elementor-drop-cap-view-default) .elementor-drop-cap-letter{width:1em;height:1em}.elementor-widget-text-editor .elementor-drop-cap{float:left;text-align:center;line-height:1;font-size:50px}.elementor-widget-text-editor .elementor-drop-cap-letter{display:inline-block}<\/style>\t\t\t\t<ul style=\"color: #777777; font-family: 'Arial, Helvetica, sans-serif', Arial, Helvetica; font-size: 14px;\"><li><span style=\"color: #000000; font-family: helvetica, arial, sans-serif; font-size: 16px;\"><strong>Vous d\u00e9sirez organiser une conf\u00e9rence?<\/strong><\/span><\/li><li><span style=\"color: #000000; font-family: helvetica, arial, sans-serif; font-size: 16px;\">Vous h\u00e9sitez et vous cherchez ce qui pourrait \u00eatre appr\u00e9ci\u00e9 de tous.<\/span><\/li><li><span style=\"font-family: helvetica, arial, sans-serif; font-size: 16px;\">Avec moi Marie-France je vous assure d\u2019atteindre votre but.<\/span><\/li><li><span style=\"color: #000000; font-family: helvetica, arial, sans-serif; font-size: 16px;\">Avec mon dynamiste et mon sens de l\u2019humour, vous passerez un bon moment.<\/span><\/li><li><span style=\"font-family: helvetica, arial, sans-serif; font-size: 16px;\">Vous sortirez de ma conf\u00e9rence\u00a0<strong>\u00ab\u00a0dynamiser\u00a0\u00bb<\/strong>\u00a0pr\u00eate \u00e0 affronter la vie positivement.<\/span><\/li><\/ul><p style=\"line-height: 26px; color: #777777; font-family: 'Arial, Helvetica, sans-serif', Arial, Helvetica; font-size: 14px; text-align: justify;\">\u00a0<\/p>\t\t\t\t\t\t<\/div>\n\t\t\t\t<\/div>\n\t\t\t\t\t<\/div>\n\t\t<\/div>\n\t\t\t\t<div class=\"elementor-column elementor-col-16 elementor-top-column elementor-element elementor-element-19a4c33\" data-id=\"19a4c33\" data-element_type=\"column\">\n\t\t\t<div class=\"elementor-widget-wrap\">\n\t\t\t\t\t\t\t\t\t<\/div>\n\t\t<\/div>\n\t\t\t\t\t\t\t<\/div>\n\t\t<\/section>\n\t\t\t\t<section class=\"elementor-section elementor-top-section elementor-element elementor-element-0276da3 elementor-section-boxed elementor-section-height-default elementor-section-height-default\" data-id=\"0276da3\" data-element_type=\"section\">\n\t\t\t\t\t\t<div class=\"elementor-container elementor-column-gap-default\">\n\t\t\t\t\t<div class=\"elementor-column elementor-col-100 elementor-top-column elementor-element elementor-element-9427e12\" data-id=\"9427e12\" data-element_type=\"column\">\n\t\t\t<div class=\"elementor-widget-wrap\">\n\t\t\t\t\t\t\t\t\t<\/div>\n\t\t<\/div>\n\t\t\t\t\t\t\t<\/div>\n\t\t<\/section>\n\t\t\t\t<section class=\"elementor-section elementor-top-section elementor-element elementor-element-5b5c3d9 elementor-section-boxed elementor-section-height-default elementor-section-height-default\" data-id=\"5b5c3d9\" data-element_type=\"section\">\n\t\t\t\t\t\t<div class=\"elementor-container elementor-column-gap-default\">\n\t\t\t\t\t<div class=\"elementor-column elementor-col-100 elementor-top-column elementor-element elementor-element-72827ff\" data-id=\"72827ff\" data-element_type=\"column\">\n\t\t\t<div class=\"elementor-widget-wrap elementor-element-populated\">\n\t\t\t\t\t\t\t\t<div class=\"elementor-element elementor-element-9d32547 elementor-widget elementor-widget-text-editor\" data-id=\"9d32547\" data-element_type=\"widget\" data-widget_type=\"text-editor.default\">\n\t\t\t\t<div class=\"elementor-widget-container\">\n\t\t\t\t\t\t\t<p style=\"text-align: center;\"><span style=\"font-size: 14px; font-family: helvetica, arial, sans-serif;\"><strong>Pour plus d\u2019informations contactez-nous :<\/strong><\/span><\/p>\t\t\t\t\t\t<\/div>\n\t\t\t\t<\/div>\n\t\t\t\t<div class=\"elementor-element elementor-element-5a81b38 elementor-widget elementor-widget-image\" data-id=\"5a81b38\" data-element_type=\"widget\" data-widget_type=\"image.default\">\n\t\t\t\t<div class=\"elementor-widget-container\">\n\t\t\t\t\t\t\t\t\t\t\t\t\t\t\t<img loading=\"lazy\" decoding=\"async\" width=\"300\" height=\"141\" src=\"https:\/\/www.sphere-coaching.com\/entre\/wp-content\/uploads\/2022\/11\/contacter-300x141.jpg\" class=\"attachment-medium size-medium wp-image-1641\" alt=\"\" srcset=\"https:\/\/www.sphere-coaching.com\/entre\/wp-content\/uploads\/2022\/11\/contacter-300x141.jpg 300w, https:\/\/www.sphere-coaching.com\/entre\/wp-content\/uploads\/2022\/11\/contacter.jpg 433w\" sizes=\"auto, (max-width: 300px) 100vw, 300px\" \/>\t\t\t\t\t\t\t\t\t\t\t\t\t\t\t<\/div>\n\t\t\t\t<\/div>\n\t\t\t\t\t<\/div>\n\t\t<\/div>\n\t\t\t\t\t\t\t<\/div>\n\t\t<\/section>\n\t\t\t\t\t\t\t<\/div>\n\t\t","protected":false},"excerpt":{"rendered":"<p>Vous d\u00e9sirez organiser une conf\u00e9rence? Vous h\u00e9sitez et vous cherchez ce qui pourrait \u00eatre appr\u00e9ci\u00e9 de tous. Avec moi Marie-France je vous assure d\u2019atteindre votre but. Avec mon dynamiste et mon sens de l\u2019humour, vous passerez un bon moment. Vous sortirez de ma conf\u00e9rence\u00a0\u00ab\u00a0dynamiser\u00a0\u00bb\u00a0pr\u00eate \u00e0 affronter la vie positivement. \u00a0 Pour plus d\u2019informations contactez-nous :<\/p>\n","protected":false},"author":1,"featured_media":0,"parent":149,"menu_order":0,"comment_status":"closed","ping_status":"closed","template":"","meta":{"footnotes":""},"class_list":["post-1101","page","type-page","status-publish","hentry"],"_links":{"self":[{"href":"https:\/\/www.sphere-coaching.com\/entre\/wp-json\/wp\/v2\/pages\/1101","targetHints":{"allow":["GET"]}}],"collection":[{"href":"https:\/\/www.sphere-coaching.com\/entre\/wp-json\/wp\/v2\/pages"}],"about":[{"href":"https:\/\/www.sphere-coaching.com\/entre\/wp-json\/wp\/v2\/types\/page"}],"author":[{"embeddable":true,"href":"https:\/\/www.sphere-coaching.com\/entre\/wp-json\/wp\/v2\/users\/1"}],"replies":[{"embeddable":true,"href":"https:\/\/www.sphere-coaching.com\/entre\/wp-json\/wp\/v2\/comments?post=1101"}],"version-history":[{"count":48,"href":"https:\/\/www.sphere-coaching.com\/entre\/wp-json\/wp\/v2\/pages\/1101\/revisions"}],"predecessor-version":[{"id":1693,"href":"https:\/\/www.sphere-coaching.com\/entre\/wp-json\/wp\/v2\/pages\/1101\/revisions\/1693"}],"up":[{"embeddable":true,"href":"https:\/\/www.sphere-coaching.com\/entre\/wp-json\/wp\/v2\/pages\/149"}],"wp:attachment":[{"href":"https:\/\/www.sphere-coaching.com\/entre\/wp-json\/wp\/v2\/media?parent=1101"}],"curies":[{"name":"wp","href":"https:\/\/api.w.org\/{rel}","templated":true}]}}